{"id":485,"date":"2025-02-14T01:05:06","date_gmt":"2025-02-14T01:05:06","guid":{"rendered":"http:\/\/hospitalcincosaltos.com.ar\/portal\/?page_id=485"},"modified":"2025-11-25T21:25:18","modified_gmt":"2025-11-25T21:25:18","slug":"sistema-medico-digital","status":"publish","type":"page","link":"http:\/\/hospitalcincosaltos.com.ar\/portal\/sistema-medico-digital\/","title":{"rendered":"Sistema Medico Digital"},"content":{"rendered":"\n<p>Sistema medico digital donde el profesional podr\u00e1 acceder a los HC digital, resultados de laboratorio e informes, tambien podra acceder a ver placas de rx, ecograf\u00edas y tomograf\u00edas.<\/p>\n\n\n\n<div class=\"wp-block-buttons is-layout-flex wp-block-buttons-is-layout-flex\">\n<div class=\"wp-block-button is-style-outline is-style-outline--1\"><a class=\"wp-block-button__link wp-element-button\" href=\"https:\/\/hsi.salud-digital.rionegro.gov.ar\/auth\/login\"><strong>HSI<\/strong><\/a><\/div>\n\n\n\n<div class=\"wp-block-button is-style-outline is-style-outline--2\"><a class=\"wp-block-button__link wp-element-button\" href=\"http:\/\/hospital-cinco-saltos.duckdns.org\/Portal_Pacientes\/\"><strong>LABORATORIO<\/strong><\/a><\/div>\n\n\n\n<div class=\"wp-block-button is-style-outline is-style-outline--3\"><a class=\"wp-block-button__link wp-element-button\" href=\"http:\/\/hospital-cinco-saltos.duckdns.org\/SiHemo\/\"><strong>HEMOTERAPIA<\/strong><\/a><\/div>\n\n\n\n<div class=\"wp-block-button is-style-outline is-style-outline--4\"><a class=\"wp-block-button__link wp-element-button\" href=\"http:\/\/hospital-cinco-saltos.duckdns.org:8042\/\"><strong>DIAGNOSTICO POR IMAGEN<\/strong><\/a><\/div>\n<\/div>\n\n\n\n<div class=\"wp-block-media-text is-stacked-on-mobile has-background\" style=\"background-color:#e6f2f9\"><figure class=\"wp-block-media-text__media\"><img loading=\"lazy\" decoding=\"async\" width=\"1024\" height=\"919\" src=\"http:\/\/hospitalcincosaltos.com.ar\/portal\/wp-content\/uploads\/2025\/02\/depositphotos_144404479-stock-illustration-caduceus-medical-symbol.jpg\" alt=\"\" class=\"wp-image-511 size-full\" srcset=\"http:\/\/hospitalcincosaltos.com.ar\/portal\/wp-content\/uploads\/2025\/02\/depositphotos_144404479-stock-illustration-caduceus-medical-symbol.jpg 1024w, http:\/\/hospitalcincosaltos.com.ar\/portal\/wp-content\/uploads\/2025\/02\/depositphotos_144404479-stock-illustration-caduceus-medical-symbol-300x269.jpg 300w, http:\/\/hospitalcincosaltos.com.ar\/portal\/wp-content\/uploads\/2025\/02\/depositphotos_144404479-stock-illustration-caduceus-medical-symbol-768x689.jpg 768w\" sizes=\"auto, (max-width: 1024px) 100vw, 1024px\" \/><\/figure><div class=\"wp-block-media-text__content\">\n<p class=\"has-text-align-center has-large-font-size\"><strong><em>Hospital \u00c1rea Programa Cinco Saltos<\/em><\/strong><\/p>\n<\/div><\/div>\n","protected":false},"excerpt":{"rendered":"<p>Sistema medico digital donde el profesional podr\u00e1 acceder a los HC digital, resultados de laboratorio e informes, tambien podra acceder a ver placas de rx, ecograf\u00edas y tomograf\u00edas. Hospital \u00c1rea Programa Cinco Saltos<\/p>\n","protected":false},"author":2,"featured_media":0,"parent":0,"menu_order":0,"comment_status":"closed","ping_status":"closed","template":"","meta":{"footnotes":""},"class_list":["post-485","page","type-page","status-publish","hentry"],"_links":{"self":[{"href":"http:\/\/hospitalcincosaltos.com.ar\/portal\/wp-json\/wp\/v2\/pages\/485","targetHints":{"allow":["GET"]}}],"collection":[{"href":"http:\/\/hospitalcincosaltos.com.ar\/portal\/wp-json\/wp\/v2\/pages"}],"about":[{"href":"http:\/\/hospitalcincosaltos.com.ar\/portal\/wp-json\/wp\/v2\/types\/page"}],"author":[{"embeddable":true,"href":"http:\/\/hospitalcincosaltos.com.ar\/portal\/wp-json\/wp\/v2\/users\/2"}],"replies":[{"embeddable":true,"href":"http:\/\/hospitalcincosaltos.com.ar\/portal\/wp-json\/wp\/v2\/comments?post=485"}],"version-history":[{"count":7,"href":"http:\/\/hospitalcincosaltos.com.ar\/portal\/wp-json\/wp\/v2\/pages\/485\/revisions"}],"predecessor-version":[{"id":803,"href":"http:\/\/hospitalcincosaltos.com.ar\/portal\/wp-json\/wp\/v2\/pages\/485\/revisions\/803"}],"wp:attachment":[{"href":"http:\/\/hospitalcincosaltos.com.ar\/portal\/wp-json\/wp\/v2\/media?parent=485"}],"curies":[{"name":"wp","href":"https:\/\/api.w.org\/{rel}","templated":true}]}}